{"id":16,"date":"2023-10-08T23:59:17","date_gmt":"2023-10-08T22:59:17","guid":{"rendered":"https:\/\/hightech-events.com\/?page_id=16"},"modified":"2023-10-09T00:07:57","modified_gmt":"2023-10-08T23:07:57","slug":"events","status":"publish","type":"page","link":"https:\/\/hightech-events.com\/fr\/events\/","title":{"rendered":"\u00c9v\u00e9nements"},"content":{"rendered":"<div data-elementor-type=\"wp-page\" data-elementor-id=\"16\" class=\"elementor elementor-16\" data-elementor-post-type=\"page\">\n\t\t\t\t\t\t<section class=\"elementor-section elementor-top-section elementor-element elementor-element-694a4d9 elementor-section-boxed elementor-section-height-default elementor-section-height-default\" data-id=\"694a4d9\" data-element_type=\"section\" data-e-type=\"section\" data-settings=\"{&quot;background_background&quot;:&quot;classic&quot;}\">\n\t\t\t\t\t\t\t<div class=\"elementor-background-overlay\"><\/div>\n\t\t\t\t\t\t\t<div class=\"elementor-container elementor-column-gap-default\">\n\t\t\t\t\t<div class=\"elementor-column elementor-col-100 elementor-top-column elementor-element elementor-element-02b565c\" data-id=\"02b565c\" data-element_type=\"column\" data-e-type=\"column\">\n\t\t\t<div class=\"elementor-widget-wrap elementor-element-populated\">\n\t\t\t\t\t\t<div class=\"elementor-element elementor-element-2245089 elementor-widget elementor-widget-spacer\" data-id=\"2245089\" data-element_type=\"widget\" data-e-type=\"widget\" data-widget_type=\"spacer.default\">\n\t\t\t\t<div class=\"elementor-widget-container\">\n\t\t\t\t\t\t\t<div class=\"elementor-spacer\">\n\t\t\t<div class=\"elementor-spacer-inner\"><\/div>\n\t\t<\/div>\n\t\t\t\t\t\t<\/div>\n\t\t\t\t<\/div>\n\t\t\t\t<div class=\"elementor-element elementor-element-db16e1f elementor-widget elementor-widget-heading\" data-id=\"db16e1f\" data-element_type=\"widget\" data-e-type=\"widget\" data-widget_type=\"heading.default\">\n\t\t\t\t<div class=\"elementor-widget-container\">\n\t\t\t\t\t<h2 class=\"elementor-heading-title elementor-size-default\">\u00c9v\u00e9nements<\/h2>\t\t\t\t<\/div>\n\t\t\t\t<\/div>\n\t\t\t\t<div class=\"elementor-element elementor-element-98fffec elementor-widget elementor-widget-spacer\" data-id=\"98fffec\" data-element_type=\"widget\" data-e-type=\"widget\" data-widget_type=\"spacer.default\">\n\t\t\t\t<div class=\"elementor-widget-container\">\n\t\t\t\t\t\t\t<div class=\"elementor-spacer\">\n\t\t\t<div class=\"elementor-spacer-inner\"><\/div>\n\t\t<\/div>\n\t\t\t\t\t\t<\/div>\n\t\t\t\t<\/div>\n\t\t\t\t\t<\/div>\n\t\t<\/div>\n\t\t\t\t\t<\/div>\n\t\t<\/section>\n\t\t\t\t<section class=\"elementor-section elementor-top-section elementor-element elementor-element-1c1c36d elementor-reverse-mobile elementor-section-boxed elementor-section-height-default elementor-section-height-default\" data-id=\"1c1c36d\" data-element_type=\"section\" data-e-type=\"section\" data-settings=\"{&quot;background_background&quot;:&quot;classic&quot;}\">\n\t\t\t\t\t\t<div class=\"elementor-container elementor-column-gap-default\">\n\t\t\t\t\t<div class=\"elementor-column elementor-col-50 elementor-top-column elementor-element elementor-element-cce6627\" data-id=\"cce6627\" data-element_type=\"column\" data-e-type=\"column\">\n\t\t\t<div class=\"elementor-widget-wrap elementor-element-populated\">\n\t\t\t\t\t\t<div class=\"elementor-element elementor-element-3f1017d elementor-widget elementor-widget-heading\" data-id=\"3f1017d\" data-element_type=\"widget\" data-e-type=\"widget\" data-widget_type=\"heading.default\">\n\t\t\t\t<div class=\"elementor-widget-container\">\n\t\t\t\t\t<h2 class=\"elementor-heading-title elementor-size-default\">R\u00c9ALISATION DE CONCERTS\n\n<\/h2>\t\t\t\t<\/div>\n\t\t\t\t<\/div>\n\t\t\t\t<div class=\"elementor-element elementor-element-98be92d elementor-widget elementor-widget-heading\" data-id=\"98be92d\" data-element_type=\"widget\" data-e-type=\"widget\" data-widget_type=\"heading.default\">\n\t\t\t\t<div class=\"elementor-widget-container\">\n\t\t\t\t\t<p class=\"elementor-heading-title elementor-size-default\">HighTech Events est fier d'offrir le meilleur \u00e9quipement de concert. Nous pensons que c\u2019est ce qui nous distingue comme l\u2019une des meilleures soci\u00e9t\u00e9s de production de concerts. Ce qui nous distingue vraiment des autres, ce sont nos techniciens de classe mondiale. Forts de plusieurs d\u00e9cennies d\u2019exp\u00e9rience, nos techniciens professionnels peuvent rapidement mettre en place tout ce dont vous avez besoin pour organiser un \u00e9v\u00e9nement inoubliable. Nous pouvons r\u00e9pondre \u00e0 tous vos besoins en backline et \u00e9galement fournir tous les DJ riders pour votre concert. Nous sommes la meilleure solution pour la production de concerts \u00e0 Marrakech. Qu'il s'agisse d'une repr\u00e9sentation individuelle ou d'un grand concert, vous \u00eates entre de bonnes mains avec les professionnels de HighTech Events.\n<\/p>\t\t\t\t<\/div>\n\t\t\t\t<\/div>\n\t\t\t\t<div class=\"elementor-element elementor-element-2a6a0f1 elementor-widget elementor-widget-heading\" data-id=\"2a6a0f1\" data-element_type=\"widget\" data-e-type=\"widget\" data-widget_type=\"heading.default\">\n\t\t\t\t<div class=\"elementor-widget-container\">\n\t\t\t\t\t<p class=\"elementor-heading-title elementor-size-default\">Nos techniciens ont de l'exp\u00e9rience avec la musique enregistr\u00e9e et live, ils sont donc familiers avec une multitude de d\u00e9fis diff\u00e9rents. Lors de concerts ou d\u2019autres \u00e9v\u00e9nements musicaux o\u00f9 la musique live ne constitue qu\u2019une partie de l\u2019\u00e9v\u00e9nement, cette polyvalence est tr\u00e8s importante. Lorsque la musique live ne constitue qu'une partie de votre \u00e9v\u00e9nement, il est extr\u00eamement important de disposer d'une \u00e9quipe de production de concerts capable de passer instantan\u00e9ment d'un acte \u00e0 l'autre sans accroc. Ce n\u2019est qu\u2019une des nombreuses raisons pour lesquelles HighTech Events est incroyablement fier de nos techniciens.\n<\/p>\t\t\t\t<\/div>\n\t\t\t\t<\/div>\n\t\t\t\t\t<\/div>\n\t\t<\/div>\n\t\t\t\t<div class=\"elementor-column elementor-col-50 elementor-top-column elementor-element elementor-element-1828695\" data-id=\"1828695\" data-element_type=\"column\" data-e-type=\"column\">\n\t\t\t<div class=\"elementor-widget-wrap elementor-element-populated\">\n\t\t\t\t\t\t<div class=\"elementor-element elementor-element-36df1c0 elementor-widget elementor-widget-image\" data-id=\"36df1c0\" data-element_type=\"widget\" data-e-type=\"widget\" data-widget_type=\"image.default\">\n\t\t\t\t<div class=\"elementor-widget-container\">\n\t\t\t\t\t\t\t\t\t\t\t\t\t\t\t<img fetchpriority=\"high\" decoding=\"async\" width=\"1731\" height=\"700\" src=\"https:\/\/hightech-events.com\/wp-content\/uploads\/2023\/10\/360-integration-header.jpg\" class=\"attachment-full size-full wp-image-91\" alt=\"\" srcset=\"https:\/\/hightech-events.com\/wp-content\/uploads\/2023\/10\/360-integration-header.jpg 1731w, https:\/\/hightech-events.com\/wp-content\/uploads\/2023\/10\/360-integration-header-300x121.jpg 300w, https:\/\/hightech-events.com\/wp-content\/uploads\/2023\/10\/360-integration-header-1024x414.jpg 1024w, https:\/\/hightech-events.com\/wp-content\/uploads\/2023\/10\/360-integration-header-768x311.jpg 768w, https:\/\/hightech-events.com\/wp-content\/uploads\/2023\/10\/360-integration-header-1536x621.jpg 1536w, https:\/\/hightech-events.com\/wp-content\/uploads\/2023\/10\/360-integration-header-18x7.jpg 18w\" sizes=\"(max-width: 1731px) 100vw, 1731px\" \/>\t\t\t\t\t\t\t\t\t\t\t\t\t\t\t<\/div>\n\t\t\t\t<\/div>\n\t\t\t\t\t<\/div>\n\t\t<\/div>\n\t\t\t\t\t<\/div>\n\t\t<\/section>\n\t\t\t\t<section class=\"elementor-section elementor-top-section elementor-element elementor-element-57b62d1 elementor-section-boxed elementor-section-height-default elementor-section-height-default\" data-id=\"57b62d1\" data-element_type=\"section\" data-e-type=\"section\" data-settings=\"{&quot;background_background&quot;:&quot;classic&quot;}\">\n\t\t\t\t\t\t<div class=\"elementor-container elementor-column-gap-default\">\n\t\t\t\t\t<div class=\"elementor-column elementor-col-50 elementor-top-column elementor-element elementor-element-0552297\" data-id=\"0552297\" data-element_type=\"column\" data-e-type=\"column\">\n\t\t\t<div class=\"elementor-widget-wrap elementor-element-populated\">\n\t\t\t\t\t\t<div class=\"elementor-element elementor-element-30c6a8c elementor-widget elementor-widget-image\" data-id=\"30c6a8c\" data-element_type=\"widget\" data-e-type=\"widget\" data-widget_type=\"image.default\">\n\t\t\t\t<div class=\"elementor-widget-container\">\n\t\t\t\t\t\t\t\t\t\t\t\t\t\t\t<img decoding=\"async\" width=\"1600\" height=\"721\" src=\"https:\/\/hightech-events.com\/wp-content\/uploads\/2023\/10\/IAVA_web_cropped.jpg\" class=\"attachment-full size-full wp-image-92\" alt=\"\" srcset=\"https:\/\/hightech-events.com\/wp-content\/uploads\/2023\/10\/IAVA_web_cropped.jpg 1600w, https:\/\/hightech-events.com\/wp-content\/uploads\/2023\/10\/IAVA_web_cropped-300x135.jpg 300w, https:\/\/hightech-events.com\/wp-content\/uploads\/2023\/10\/IAVA_web_cropped-1024x461.jpg 1024w, https:\/\/hightech-events.com\/wp-content\/uploads\/2023\/10\/IAVA_web_cropped-768x346.jpg 768w, https:\/\/hightech-events.com\/wp-content\/uploads\/2023\/10\/IAVA_web_cropped-1536x692.jpg 1536w, https:\/\/hightech-events.com\/wp-content\/uploads\/2023\/10\/IAVA_web_cropped-18x8.jpg 18w\" sizes=\"(max-width: 1600px) 100vw, 1600px\" \/>\t\t\t\t\t\t\t\t\t\t\t\t\t\t\t<\/div>\n\t\t\t\t<\/div>\n\t\t\t\t\t<\/div>\n\t\t<\/div>\n\t\t\t\t<div class=\"elementor-column elementor-col-50 elementor-top-column elementor-element elementor-element-0603c86\" data-id=\"0603c86\" data-element_type=\"column\" data-e-type=\"column\">\n\t\t\t<div class=\"elementor-widget-wrap elementor-element-populated\">\n\t\t\t\t\t\t<div class=\"elementor-element elementor-element-3db6e41 elementor-widget elementor-widget-heading\" data-id=\"3db6e41\" data-element_type=\"widget\" data-e-type=\"widget\" data-widget_type=\"heading.default\">\n\t\t\t\t<div class=\"elementor-widget-container\">\n\t\t\t\t\t<h2 class=\"elementor-heading-title elementor-size-default\">INT\u00c9GRATION 360\n<\/h2>\t\t\t\t<\/div>\n\t\t\t\t<\/div>\n\t\t\t\t<div class=\"elementor-element elementor-element-4bf0c8e elementor-widget elementor-widget-heading\" data-id=\"4bf0c8e\" data-element_type=\"widget\" data-e-type=\"widget\" data-widget_type=\"heading.default\">\n\t\t\t\t<div class=\"elementor-widget-container\">\n\t\t\t\t\t<p class=\"elementor-heading-title elementor-size-default\">HighTech excelle dans la fusion de l'\u00e9clairage, de la mise en sc\u00e8ne, de la production audio et vid\u00e9o. Nous orchestrons une exp\u00e9rience coh\u00e9rente et immersive pour nos clients et leurs invit\u00e9s.\n<\/p>\t\t\t\t<\/div>\n\t\t\t\t<\/div>\n\t\t\t\t<div class=\"elementor-element elementor-element-a1e3d9a elementor-widget elementor-widget-heading\" data-id=\"a1e3d9a\" data-element_type=\"widget\" data-e-type=\"widget\" data-widget_type=\"heading.default\">\n\t\t\t\t<div class=\"elementor-widget-container\">\n\t\t\t\t\t<p class=\"elementor-heading-title elementor-size-default\">HighTech commence par un travail de pr\u00e9-production approfondi, en collaborant avec les clients pour cr\u00e9er les effets souhait\u00e9s. Nous proposons des solutions pour cr\u00e9er des looks et des sons uniques. De plus, nous nous coordonnons avec divers fournisseurs pour garantir une exp\u00e9rience de production \u00e9v\u00e9nementielle fluide.\n<\/p>\t\t\t\t<\/div>\n\t\t\t\t<\/div>\n\t\t\t\t<div class=\"elementor-element elementor-element-1084b3f elementor-widget elementor-widget-heading\" data-id=\"1084b3f\" data-element_type=\"widget\" data-e-type=\"widget\" data-widget_type=\"heading.default\">\n\t\t\t\t<div class=\"elementor-widget-container\">\n\t\t\t\t\t<p class=\"elementor-heading-title elementor-size-default\">Voici quelques \u00e9tudes de cas pour des exemples d'int\u00e9gration 360 de HighTech Events au travail...\n<\/p>\t\t\t\t<\/div>\n\t\t\t\t<\/div>\n\t\t\t\t<div class=\"elementor-element elementor-element-baac061 elementor-widget elementor-widget-heading\" data-id=\"baac061\" data-element_type=\"widget\" data-e-type=\"widget\" data-widget_type=\"heading.default\">\n\t\t\t\t<div class=\"elementor-widget-container\">\n\t\t\t\t\t<p class=\"elementor-heading-title elementor-size-default\">Nous fournissons des rendus 3D, des fichiers CAO, des visites guid\u00e9es et des tests pour aider les clients \u00e0 visualiser le placement des \u00e9quipements et l'effet escompt\u00e9.\n<\/p>\t\t\t\t<\/div>\n\t\t\t\t<\/div>\n\t\t\t\t<div class=\"elementor-element elementor-element-1b82356 elementor-widget elementor-widget-heading\" data-id=\"1b82356\" data-element_type=\"widget\" data-e-type=\"widget\" data-widget_type=\"heading.default\">\n\t\t\t\t<div class=\"elementor-widget-container\">\n\t\t\t\t\t<p class=\"elementor-heading-title elementor-size-default\">Chez HighTech, nous combinons une technologie de pointe avec des r\u00e9unions en personne entre nos r\u00e9alisateurs et ing\u00e9nieurs pour garantir une int\u00e9gration parfaite des signaux d'\u00e9clairage, audio et vid\u00e9o lors des \u00e9v\u00e9nements en direct.\n<\/p>\t\t\t\t<\/div>\n\t\t\t\t<\/div>\n\t\t\t\t<div class=\"elementor-element elementor-element-077b7d4 elementor-widget elementor-widget-heading\" data-id=\"077b7d4\" data-element_type=\"widget\" data-e-type=\"widget\" data-widget_type=\"heading.default\">\n\t\t\t\t<div class=\"elementor-widget-container\">\n\t\t\t\t\t<p class=\"elementor-heading-title elementor-size-default\">L'\u00e9quipe exp\u00e9riment\u00e9e de HighTech Events coordonne et superpose m\u00e9ticuleusement les technologies lors d'\u00e9v\u00e9nements en direct, garantissant une ex\u00e9cution transparente. Nous explorons tous les sc\u00e9narios, d\u00e9pannons et cr\u00e9ons des redondances pour une exp\u00e9rience de production sans faille.\n<\/p>\t\t\t\t<\/div>\n\t\t\t\t<\/div>\n\t\t\t\t\t<\/div>\n\t\t<\/div>\n\t\t\t\t\t<\/div>\n\t\t<\/section>\n\t\t\t\t<section class=\"elementor-section elementor-top-section elementor-element elementor-element-141abe5 elementor-section-boxed elementor-section-height-default elementor-section-height-default\" data-id=\"141abe5\" data-element_type=\"section\" data-e-type=\"section\" data-settings=\"{&quot;background_background&quot;:&quot;classic&quot;}\">\n\t\t\t\t\t\t\t<div class=\"elementor-background-overlay\"><\/div>\n\t\t\t\t\t\t\t<div class=\"elementor-container elementor-column-gap-default\">\n\t\t\t\t\t<div class=\"elementor-column elementor-col-50 elementor-top-column elementor-element elementor-element-c07bd9d\" data-id=\"c07bd9d\" data-element_type=\"column\" data-e-type=\"column\">\n\t\t\t<div class=\"elementor-widget-wrap elementor-element-populated\">\n\t\t\t\t\t\t<div class=\"elementor-element elementor-element-ca30783 elementor-widget elementor-widget-heading\" data-id=\"ca30783\" data-element_type=\"widget\" data-e-type=\"widget\" data-widget_type=\"heading.default\">\n\t\t\t\t<div class=\"elementor-widget-container\">\n\t\t\t\t\t<h2 class=\"elementor-heading-title elementor-size-default\">PRODUCTION D'\u00c9V\u00c9NEMENTS SOCIAUX\n<\/h2>\t\t\t\t<\/div>\n\t\t\t\t<\/div>\n\t\t\t\t<div class=\"elementor-element elementor-element-a91e254 elementor-widget elementor-widget-heading\" data-id=\"a91e254\" data-element_type=\"widget\" data-e-type=\"widget\" data-widget_type=\"heading.default\">\n\t\t\t\t<div class=\"elementor-widget-container\">\n\t\t\t\t\t<p class=\"elementor-heading-title elementor-size-default\">HighTech travaille avec un large \u00e9ventail de clients pour la production d'\u00e9v\u00e9nements sociaux \u00e0 Marrakech, offrant des solutions cr\u00e9atives dans les limites des contraintes budg\u00e9taires et adapt\u00e9es \u00e0 vos besoins sp\u00e9cifiques.\n<\/p>\t\t\t\t<\/div>\n\t\t\t\t<\/div>\n\t\t\t\t<div class=\"elementor-element elementor-element-b856edb elementor-widget elementor-widget-heading\" data-id=\"b856edb\" data-element_type=\"widget\" data-e-type=\"widget\" data-widget_type=\"heading.default\">\n\t\t\t\t<div class=\"elementor-widget-container\">\n\t\t\t\t\t<p class=\"elementor-heading-title elementor-size-default\">HighTech excelle dans la transformation de lieux non conventionnels en espaces \u00e9v\u00e9nementiels inoubliables. Nous g\u00e9rons tous les aspects, y compris l\u2019audio, l\u2019\u00e9clairage, la vid\u00e9o et l\u2019ambiance, tout en garantissant une production et une distribution d\u2019\u00e9nergie sans faille. Des bar-mitsva dans les hangars d\u2019avions aux mariages dans les chantiers navals, nous accueillons des lieux uniques et laissons les invit\u00e9s \u00e9merveill\u00e9s.\n<\/p>\t\t\t\t<\/div>\n\t\t\t\t<\/div>\n\t\t\t\t<div class=\"elementor-element elementor-element-d0b7c38 elementor-widget elementor-widget-heading\" data-id=\"d0b7c38\" data-element_type=\"widget\" data-e-type=\"widget\" data-widget_type=\"heading.default\">\n\t\t\t\t<div class=\"elementor-widget-container\">\n\t\t\t\t\t<p class=\"elementor-heading-title elementor-size-default\">En ce qui concerne ce que nous faisons, HighTech est fier de dire que nous offrons une grande vari\u00e9t\u00e9 de services pour garantir que votre \u00e9v\u00e9nement soit inoubliable. Nous fournissons tout, de l'\u00e9quipement DJ aux panneaux muraux LED\/LCD !\n<\/p>\t\t\t\t<\/div>\n\t\t\t\t<\/div>\n\t\t\t\t<div class=\"elementor-element elementor-element-19dcfce elementor-widget elementor-widget-heading\" data-id=\"19dcfce\" data-element_type=\"widget\" data-e-type=\"widget\" data-widget_type=\"heading.default\">\n\t\t\t\t<div class=\"elementor-widget-container\">\n\t\t\t\t\t<h2 class=\"elementor-heading-title elementor-size-default\">UN \u00c9CHANTILLON DE CE QUE NOUS PROPOSONS<\/h2>\t\t\t\t<\/div>\n\t\t\t\t<\/div>\n\t\t\t\t<div class=\"elementor-element elementor-element-108215b elementor-widget elementor-widget-heading\" data-id=\"108215b\" data-element_type=\"widget\" data-e-type=\"widget\" data-widget_type=\"heading.default\">\n\t\t\t\t<div class=\"elementor-widget-container\">\n\t\t\t\t\t<p class=\"elementor-heading-title elementor-size-default\">Chez HighTech, notre \u00e9quipe de techniciens qualifi\u00e9s est parmi les meilleures de l'industrie. Forts de dizaines d\u2019ann\u00e9es d\u2019exp\u00e9rience, ils assurent le fonctionnement fluide de tous les \u00e9quipements \u00e9v\u00e9nementiels, faisant ainsi de votre \u00e9v\u00e9nement un succ\u00e8s.\n<\/p>\t\t\t\t<\/div>\n\t\t\t\t<\/div>\n\t\t\t\t<div class=\"elementor-element elementor-element-89d5b90 elementor-widget elementor-widget-heading\" data-id=\"89d5b90\" data-element_type=\"widget\" data-e-type=\"widget\" data-widget_type=\"heading.default\">\n\t\t\t\t<div class=\"elementor-widget-container\">\n\t\t\t\t\t<p class=\"elementor-heading-title elementor-size-default\">Chez HighTech, nous fournissons des \u00e9quipements audio, d\u2019\u00e9clairage et vid\u00e9o \u00e9v\u00e9nementiels de premier ordre, m\u00e9ticuleusement entretenus pour des performances et une apparence optimales. Avec nous, vous pouvez vous attendre \u00e0 de grands succ\u00e8s, pas \u00e0 des histoires d\u2019horreur, car nous accordons la priorit\u00e9 \u00e0 la qualit\u00e9 et au d\u00e9tail.\n<\/p>\t\t\t\t<\/div>\n\t\t\t\t<\/div>\n\t\t\t\t\t<\/div>\n\t\t<\/div>\n\t\t\t\t<div class=\"elementor-column elementor-col-50 elementor-top-column elementor-element elementor-element-31fcc35\" data-id=\"31fcc35\" data-element_type=\"column\" data-e-type=\"column\">\n\t\t\t<div class=\"elementor-widget-wrap\">\n\t\t\t\t\t\t\t<\/div>\n\t\t<\/div>\n\t\t\t\t\t<\/div>\n\t\t<\/section>\n\t\t\t\t<\/div>","protected":false},"excerpt":{"rendered":"<p>Events CONCERT PRODUCTION HighTech Events is proud to offer the best concert equipment. We feel that this is what sets us apart as one of the best concert production companies out there. The thing that really sets us apart from the rest, though, is our world-class technicians. With decades of experience between them, our professional [&hellip;]<\/p>\n","protected":false},"author":1,"featured_media":0,"parent":0,"menu_order":0,"comment_status":"closed","ping_status":"closed","template":"elementor_header_footer","meta":{"footnotes":""},"class_list":["post-16","page","type-page","status-publish","hentry"],"_links":{"self":[{"href":"https:\/\/hightech-events.com\/fr\/wp-json\/wp\/v2\/pages\/16","targetHints":{"allow":["GET"]}}],"collection":[{"href":"https:\/\/hightech-events.com\/fr\/wp-json\/wp\/v2\/pages"}],"about":[{"href":"https:\/\/hightech-events.com\/fr\/wp-json\/wp\/v2\/types\/page"}],"author":[{"embeddable":true,"href":"https:\/\/hightech-events.com\/fr\/wp-json\/wp\/v2\/users\/1"}],"replies":[{"embeddable":true,"href":"https:\/\/hightech-events.com\/fr\/wp-json\/wp\/v2\/comments?post=16"}],"version-history":[{"count":7,"href":"https:\/\/hightech-events.com\/fr\/wp-json\/wp\/v2\/pages\/16\/revisions"}],"predecessor-version":[{"id":96,"href":"https:\/\/hightech-events.com\/fr\/wp-json\/wp\/v2\/pages\/16\/revisions\/96"}],"wp:attachment":[{"href":"https:\/\/hightech-events.com\/fr\/wp-json\/wp\/v2\/media?parent=16"}],"curies":[{"name":"wp","href":"https:\/\/api.w.org\/{rel}","templated":true}]}}